{"id":782,"date":"2023-09-24T00:00:18","date_gmt":"2023-09-24T00:00:18","guid":{"rendered":"http:\/\/batisafe.group\/?page_id=782"},"modified":"2025-03-19T15:33:44","modified_gmt":"2025-03-19T15:33:44","slug":"nos-zones-dintervention","status":"publish","type":"page","link":"https:\/\/batisafe.group\/index.php\/nos-zones-dintervention\/","title":{"rendered":"Nos zones d&rsquo;intervention"},"content":{"rendered":"\t\t<div data-elementor-type=\"wp-page\" data-elementor-id=\"782\" class=\"elementor elementor-782\" data-elementor-post-type=\"page\">\n\t\t\t\t<div class=\"elementor-element elementor-element-7a647101 e-flex e-con-boxed e-con e-parent\" data-id=\"7a647101\" data-element_type=\"container\" data-e-type=\"container\" id=\"metiers\" data-settings=\"{&quot;background_background&quot;:&quot;classic&quot;}\">\n\t\t\t\t\t<div class=\"e-con-inner\">\n\t\t<div class=\"elementor-element elementor-element-169fc50a e-con-full e-flex e-con e-child\" data-id=\"169fc50a\" data-element_type=\"container\" data-e-type=\"container\">\n\t\t\t\t<div class=\"elementor-element elementor-element-40b1b34f elementor-widget elementor-widget-heading\" data-id=\"40b1b34f\" data-element_type=\"widget\" data-e-type=\"widget\" data-widget_type=\"heading.default\">\n\t\t\t\t<div class=\"elementor-widget-container\">\n\t\t\t\t\t<h2 class=\"elementor-heading-title elementor-size-default\">Nos zones <br>d'intervention<\/h2>\t\t\t\t<\/div>\n\t\t\t\t<\/div>\n\t\t\t\t<div class=\"elementor-element elementor-element-d017382 elementor-widget elementor-widget-image\" data-id=\"d017382\" data-element_type=\"widget\" data-e-type=\"widget\" data-widget_type=\"image.default\">\n\t\t\t\t<div class=\"elementor-widget-container\">\n\t\t\t\t\t\t\t\t\t\t\t\t\t\t\t<img fetchpriority=\"high\" decoding=\"async\" width=\"1500\" height=\"1405\" src=\"https:\/\/batisafe.group\/wp-content\/uploads\/2023\/09\/carte_batisafe-2.png\" class=\"attachment-full size-full wp-image-924\" alt=\"\" srcset=\"https:\/\/batisafe.group\/wp-content\/uploads\/2023\/09\/carte_batisafe-2.png 1500w, https:\/\/batisafe.group\/wp-content\/uploads\/2023\/09\/carte_batisafe-2-300x281.png 300w, https:\/\/batisafe.group\/wp-content\/uploads\/2023\/09\/carte_batisafe-2-1024x959.png 1024w, https:\/\/batisafe.group\/wp-content\/uploads\/2023\/09\/carte_batisafe-2-768x719.png 768w\" sizes=\"(max-width: 1500px) 100vw, 1500px\" \/>\t\t\t\t\t\t\t\t\t\t\t\t\t\t\t<\/div>\n\t\t\t\t<\/div>\n\t\t\t\t<\/div>\n\t\t\t\t\t<\/div>\n\t\t\t\t<\/div>\n\t\t<div class=\"elementor-element elementor-element-5330627c e-flex e-con-boxed e-con e-parent\" data-id=\"5330627c\" data-element_type=\"container\" data-e-type=\"container\" id=\"metiers\" data-settings=\"{&quot;background_background&quot;:&quot;classic&quot;}\">\n\t\t\t\t\t<div class=\"e-con-inner\">\n\t\t<div class=\"elementor-element elementor-element-48b282cd e-con-full e-flex e-con e-child\" data-id=\"48b282cd\" data-element_type=\"container\" data-e-type=\"container\">\n\t\t\t\t<div class=\"elementor-element elementor-element-3d5d3239 elementor-widget elementor-widget-heading\" data-id=\"3d5d3239\" data-element_type=\"widget\" data-e-type=\"widget\" data-widget_type=\"heading.default\">\n\t\t\t\t<div class=\"elementor-widget-container\">\n\t\t\t\t\t<h2 class=\"elementor-heading-title elementor-size-default\">Nos <br>ACTUALIT\u00e9s<\/h2>\t\t\t\t<\/div>\n\t\t\t\t<\/div>\n\t\t\t\t<div class=\"elementor-element elementor-element-6a020e95 elementor-align-center elementor-widget elementor-widget-button\" data-id=\"6a020e95\" data-element_type=\"widget\" data-e-type=\"widget\" data-widget_type=\"button.default\">\n\t\t\t\t<div class=\"elementor-widget-container\">\n\t\t\t\t\t\t\t\t\t<div class=\"elementor-button-wrapper\">\n\t\t\t\t\t<a class=\"elementor-button elementor-button-link elementor-size-sm\" href=\"#\">\n\t\t\t\t\t\t<span class=\"elementor-button-content-wrapper\">\n\t\t\t\t\t\t<span class=\"elementor-button-icon\">\n\t\t\t\t<i aria-hidden=\"true\" class=\"fas fa-angle-right\"><\/i>\t\t\t<\/span>\n\t\t\t\t\t\t\t\t\t<span class=\"elementor-button-text\">Voir toutes nos actualit\u00e9s<\/span>\n\t\t\t\t\t<\/span>\n\t\t\t\t\t<\/a>\n\t\t\t\t<\/div>\n\t\t\t\t\t\t\t\t<\/div>\n\t\t\t\t<\/div>\n\t\t\t\t<div class=\"elementor-element elementor-element-7bb16b59 elementor-grid-3 elementor-grid-tablet-2 elementor-grid-mobile-1 elementor-posts--thumbnail-top elementor-card-shadow-yes elementor-posts__hover-gradient elementor-widget elementor-widget-posts\" data-id=\"7bb16b59\" data-element_type=\"widget\" data-e-type=\"widget\" data-settings=\"{&quot;cards_columns&quot;:&quot;3&quot;,&quot;cards_columns_tablet&quot;:&quot;2&quot;,&quot;cards_columns_mobile&quot;:&quot;1&quot;,&quot;cards_row_gap&quot;:{&quot;unit&quot;:&quot;px&quot;,&quot;size&quot;:35,&quot;sizes&quot;:[]},&quot;cards_row_gap_tablet&quot;:{&quot;unit&quot;:&quot;px&quot;,&quot;size&quot;:&quot;&quot;,&quot;sizes&quot;:[]},&quot;cards_row_gap_mobile&quot;:{&quot;unit&quot;:&quot;px&quot;,&quot;size&quot;:&quot;&quot;,&quot;sizes&quot;:[]}}\" data-widget_type=\"posts.cards\">\n\t\t\t\t<div class=\"elementor-widget-container\">\n\t\t\t\t\t\t\t<div class=\"elementor-posts-container elementor-posts elementor-posts--skin-cards elementor-grid\">\n\t\t\t\t<article class=\"elementor-post elementor-grid-item post-847 post type-post status-publish format-standard has-post-thumbnail hentry category-actualites\">\n\t\t\t<div class=\"elementor-post__card\">\n\t\t\t\t<a class=\"elementor-post__thumbnail__link\" href=\"https:\/\/batisafe.group\/index.php\/2023\/09\/24\/banque-privee-principe-interet-et-cout\/\" tabindex=\"-1\" ><div class=\"elementor-post__thumbnail\"><img decoding=\"async\" width=\"200\" height=\"300\" src=\"https:\/\/batisafe.group\/wp-content\/uploads\/2023\/09\/risque-200x300.jpg\" class=\"attachment-medium size-medium wp-image-633\" alt=\"\" srcset=\"https:\/\/batisafe.group\/wp-content\/uploads\/2023\/09\/risque-200x300.jpg 200w, https:\/\/batisafe.group\/wp-content\/uploads\/2023\/09\/risque-683x1024.jpg 683w, https:\/\/batisafe.group\/wp-content\/uploads\/2023\/09\/risque-768x1151.jpg 768w, https:\/\/batisafe.group\/wp-content\/uploads\/2023\/09\/risque-1025x1536.jpg 1025w, https:\/\/batisafe.group\/wp-content\/uploads\/2023\/09\/risque.jpg 1200w\" sizes=\"(max-width: 200px) 100vw, 200px\" \/><\/div><\/a>\n\t\t\t\t<div class=\"elementor-post__text\">\n\t\t\t\t<h3 class=\"elementor-post__title\">\n\t\t\t<a href=\"https:\/\/batisafe.group\/index.php\/2023\/09\/24\/banque-privee-principe-interet-et-cout\/\" >\n\t\t\t\tBanque priv\u00e9e : principe, int\u00e9r\u00eat et co\u00fbt\t\t\t<\/a>\n\t\t<\/h3>\n\t\t\n\t\t<a class=\"elementor-post__read-more\" href=\"https:\/\/batisafe.group\/index.php\/2023\/09\/24\/banque-privee-principe-interet-et-cout\/\" aria-label=\"Read more about Banque priv\u00e9e : principe, int\u00e9r\u00eat et co\u00fbt\" tabindex=\"-1\" >\n\t\t\tLire la suite \u00bb\t\t<\/a>\n\n\t\t\t\t<\/div>\n\t\t\t\t\t<\/div>\n\t\t<\/article>\n\t\t\t\t<article class=\"elementor-post elementor-grid-item post-843 post type-post status-publish format-standard has-post-thumbnail hentry category-actualites\">\n\t\t\t<div class=\"elementor-post__card\">\n\t\t\t\t<a class=\"elementor-post__thumbnail__link\" href=\"https:\/\/batisafe.group\/index.php\/2023\/09\/24\/private-equity-ou-club-deal-le-meilleur-du-non-cote\/\" tabindex=\"-1\" ><div class=\"elementor-post__thumbnail\"><img decoding=\"async\" width=\"300\" height=\"169\" src=\"https:\/\/batisafe.group\/wp-content\/uploads\/2023\/09\/0611701839998-web-tete-300x169.webp\" class=\"attachment-medium size-medium wp-image-845\" alt=\"\" srcset=\"https:\/\/batisafe.group\/wp-content\/uploads\/2023\/09\/0611701839998-web-tete-300x169.webp 300w, https:\/\/batisafe.group\/wp-content\/uploads\/2023\/09\/0611701839998-web-tete-1024x576.webp 1024w, https:\/\/batisafe.group\/wp-content\/uploads\/2023\/09\/0611701839998-web-tete-768x432.webp 768w, https:\/\/batisafe.group\/wp-content\/uploads\/2023\/09\/0611701839998-web-tete.webp 1280w\" sizes=\"(max-width: 300px) 100vw, 300px\" \/><\/div><\/a>\n\t\t\t\t<div class=\"elementor-post__text\">\n\t\t\t\t<h3 class=\"elementor-post__title\">\n\t\t\t<a href=\"https:\/\/batisafe.group\/index.php\/2023\/09\/24\/private-equity-ou-club-deal-le-meilleur-du-non-cote\/\" >\n\t\t\t\tPrivate equity ou club deal\u00a0: le meilleur du non-cot\u00e9\t\t\t<\/a>\n\t\t<\/h3>\n\t\t\n\t\t<a class=\"elementor-post__read-more\" href=\"https:\/\/batisafe.group\/index.php\/2023\/09\/24\/private-equity-ou-club-deal-le-meilleur-du-non-cote\/\" aria-label=\"Read more about Private equity ou club deal\u00a0: le meilleur du non-cot\u00e9\" tabindex=\"-1\" >\n\t\t\tLire la suite \u00bb\t\t<\/a>\n\n\t\t\t\t<\/div>\n\t\t\t\t\t<\/div>\n\t\t<\/article>\n\t\t\t\t<article class=\"elementor-post elementor-grid-item post-840 post type-post status-publish format-standard has-post-thumbnail hentry category-actualites\">\n\t\t\t<div class=\"elementor-post__card\">\n\t\t\t\t<a class=\"elementor-post__thumbnail__link\" href=\"https:\/\/batisafe.group\/index.php\/2023\/09\/24\/la-structuration-des-investissements-fonciers-via-le-luxembourg-est-elle-toujours-dactualite\/\" tabindex=\"-1\" ><div class=\"elementor-post__thumbnail\"><img loading=\"lazy\" decoding=\"async\" width=\"240\" height=\"300\" src=\"https:\/\/batisafe.group\/wp-content\/uploads\/2023\/09\/modern-business-building-scenery-touching-sky-240x300.jpg\" class=\"attachment-medium size-medium wp-image-624\" alt=\"\" srcset=\"https:\/\/batisafe.group\/wp-content\/uploads\/2023\/09\/modern-business-building-scenery-touching-sky-240x300.jpg 240w, https:\/\/batisafe.group\/wp-content\/uploads\/2023\/09\/modern-business-building-scenery-touching-sky-819x1024.jpg 819w, https:\/\/batisafe.group\/wp-content\/uploads\/2023\/09\/modern-business-building-scenery-touching-sky-768x960.jpg 768w, https:\/\/batisafe.group\/wp-content\/uploads\/2023\/09\/modern-business-building-scenery-touching-sky.jpg 1200w\" sizes=\"(max-width: 240px) 100vw, 240px\" \/><\/div><\/a>\n\t\t\t\t<div class=\"elementor-post__text\">\n\t\t\t\t<h3 class=\"elementor-post__title\">\n\t\t\t<a href=\"https:\/\/batisafe.group\/index.php\/2023\/09\/24\/la-structuration-des-investissements-fonciers-via-le-luxembourg-est-elle-toujours-dactualite\/\" >\n\t\t\t\tLa structuration des investissements fonciers via le Luxembourg est-elle toujours d\u2019actualit\u00e9\u00a0?\t\t\t<\/a>\n\t\t<\/h3>\n\t\t\n\t\t<a class=\"elementor-post__read-more\" href=\"https:\/\/batisafe.group\/index.php\/2023\/09\/24\/la-structuration-des-investissements-fonciers-via-le-luxembourg-est-elle-toujours-dactualite\/\" aria-label=\"Read more about La structuration des investissements fonciers via le Luxembourg est-elle toujours d\u2019actualit\u00e9\u00a0?\" tabindex=\"-1\" >\n\t\t\tLire la suite \u00bb\t\t<\/a>\n\n\t\t\t\t<\/div>\n\t\t\t\t\t<\/div>\n\t\t<\/article>\n\t\t\t\t<\/div>\n\t\t\n\t\t\t\t\t\t<\/div>\n\t\t\t\t<\/div>\n\t\t\t\t<\/div>\n\t\t\t\t\t<\/div>\n\t\t\t\t<\/div>\n\t\t<div class=\"elementor-element elementor-element-45517fd1 e-flex e-con-boxed e-con e-parent\" data-id=\"45517fd1\" data-element_type=\"container\" data-e-type=\"container\" id=\"metiers\" data-settings=\"{&quot;background_background&quot;:&quot;classic&quot;}\">\n\t\t\t\t\t<div class=\"e-con-inner\">\n\t\t<div class=\"elementor-element elementor-element-40216873 e-con-full e-flex e-con e-child\" data-id=\"40216873\" data-element_type=\"container\" data-e-type=\"container\">\n\t\t\t\t<div class=\"elementor-element elementor-element-60c3fdf1 elementor-widget elementor-widget-heading\" data-id=\"60c3fdf1\" data-element_type=\"widget\" data-e-type=\"widget\" data-widget_type=\"heading.default\">\n\t\t\t\t<div class=\"elementor-widget-container\">\n\t\t\t\t\t<h2 class=\"elementor-heading-title elementor-size-default\">Nous <br>Rejoindre<\/h2>\t\t\t\t<\/div>\n\t\t\t\t<\/div>\n\t\t\t\t<div class=\"elementor-element elementor-element-373ce28d elementor-widget elementor-widget-text-editor\" data-id=\"373ce28d\" data-element_type=\"widget\" data-e-type=\"widget\" data-widget_type=\"text-editor.default\">\n\t\t\t\t<div class=\"elementor-widget-container\">\n\t\t\t\t\t\t\t\t\t<p>Vous souhaitez int\u00e9grer une soci\u00e9t\u00e9 \u00e0 taille humaine, aux comp\u00e9tences vari\u00e9es et pointues ?<\/p><p><strong>Bati Safe est faite pour vous.<\/strong><\/p>\t\t\t\t\t\t\t\t<\/div>\n\t\t\t\t<\/div>\n\t\t\t\t<div class=\"elementor-element elementor-element-541bec8a elementor-widget elementor-widget-text-editor\" data-id=\"541bec8a\" data-element_type=\"widget\" data-e-type=\"widget\" data-widget_type=\"text-editor.default\">\n\t\t\t\t<div class=\"elementor-widget-container\">\n\t\t\t\t\t\t\t\t\tAucun postes ouverts pour le moment\t\t\t\t\t\t\t\t<\/div>\n\t\t\t\t<\/div>\n\t\t\t\t<div class=\"elementor-element elementor-element-45c64c86 elementor-align-center elementor-widget elementor-widget-button\" data-id=\"45c64c86\" data-element_type=\"widget\" data-e-type=\"widget\" data-widget_type=\"button.default\">\n\t\t\t\t<div class=\"elementor-widget-container\">\n\t\t\t\t\t\t\t\t\t<div class=\"elementor-button-wrapper\">\n\t\t\t\t\t<a class=\"elementor-button elementor-button-link elementor-size-sm\" href=\"#contact\">\n\t\t\t\t\t\t<span class=\"elementor-button-content-wrapper\">\n\t\t\t\t\t\t<span class=\"elementor-button-icon\">\n\t\t\t\t<i aria-hidden=\"true\" class=\"fas fa-angle-right\"><\/i>\t\t\t<\/span>\n\t\t\t\t\t\t\t\t\t<span class=\"elementor-button-text\">Candidatez<\/span>\n\t\t\t\t\t<\/span>\n\t\t\t\t\t<\/a>\n\t\t\t\t<\/div>\n\t\t\t\t\t\t\t\t<\/div>\n\t\t\t\t<\/div>\n\t\t\t\t<\/div>\n\t\t\t\t\t<\/div>\n\t\t\t\t<\/div>\n\t\t<div class=\"elementor-element elementor-element-5e7acda2 e-flex e-con-boxed elementor-invisible e-con e-parent\" data-id=\"5e7acda2\" data-element_type=\"container\" data-e-type=\"container\" id=\"contact\" data-settings=\"{&quot;animation&quot;:&quot;slideInUp&quot;,&quot;background_background&quot;:&quot;classic&quot;}\">\n\t\t\t\t\t<div class=\"e-con-inner\">\n\t\t<div class=\"elementor-element elementor-element-3d73540b e-con-full e-flex e-con e-child\" data-id=\"3d73540b\" data-element_type=\"container\" data-e-type=\"container\">\n\t\t\t\t<div class=\"elementor-element elementor-element-4b8d613a elementor-widget elementor-widget-theme-site-logo elementor-widget-image\" data-id=\"4b8d613a\" data-element_type=\"widget\" data-e-type=\"widget\" data-widget_type=\"theme-site-logo.default\">\n\t\t\t\t<div class=\"elementor-widget-container\">\n\t\t\t\t\t\t\t\t\t\t\t<a href=\"https:\/\/batisafe.group\">\n\t\t\t<img loading=\"lazy\" decoding=\"async\" width=\"666\" height=\"242\" src=\"https:\/\/batisafe.group\/wp-content\/uploads\/2023\/06\/batisafe.webp\" class=\"attachment-full size-full wp-image-1108\" alt=\"\" srcset=\"https:\/\/batisafe.group\/wp-content\/uploads\/2023\/06\/batisafe.webp 666w, https:\/\/batisafe.group\/wp-content\/uploads\/2023\/06\/batisafe-300x109.webp 300w\" sizes=\"(max-width: 666px) 100vw, 666px\" \/>\t\t\t\t<\/a>\n\t\t\t\t\t\t\t\t\t\t\t<\/div>\n\t\t\t\t<\/div>\n\t\t\t\t<div class=\"elementor-element elementor-element-538cd5a elementor-widget elementor-widget-heading\" data-id=\"538cd5a\" data-element_type=\"widget\" data-e-type=\"widget\" data-widget_type=\"heading.default\">\n\t\t\t\t<div class=\"elementor-widget-container\">\n\t\t\t\t\t<h2 class=\"elementor-heading-title elementor-size-default\">Contactez-nous<\/h2>\t\t\t\t<\/div>\n\t\t\t\t<\/div>\n\t\t\t\t<div class=\"elementor-element elementor-element-fb58fef elementor-icon-list--layout-traditional elementor-list-item-link-full_width elementor-widget elementor-widget-icon-list\" data-id=\"fb58fef\" data-element_type=\"widget\" data-e-type=\"widget\" data-widget_type=\"icon-list.default\">\n\t\t\t\t<div class=\"elementor-widget-container\">\n\t\t\t\t\t\t\t<ul class=\"elementor-icon-list-items\">\n\t\t\t\t\t\t\t<li class=\"elementor-icon-list-item\">\n\t\t\t\t\t\t\t\t\t\t\t<span class=\"elementor-icon-list-icon\">\n\t\t\t\t\t\t\t<i aria-hidden=\"true\" class=\"fas fa-map-marker-alt\"><\/i>\t\t\t\t\t\t<\/span>\n\t\t\t\t\t\t\t\t\t\t<span class=\"elementor-icon-list-text\">R\u00e9sidence la Bo\u00e9tie, 20137 Porto-Vecchio<\/span>\n\t\t\t\t\t\t\t\t\t<\/li>\n\t\t\t\t\t\t\t\t<li class=\"elementor-icon-list-item\">\n\t\t\t\t\t\t\t\t\t\t\t<span class=\"elementor-icon-list-icon\">\n\t\t\t\t\t\t\t<i aria-hidden=\"true\" class=\"fas fa-envelope\"><\/i>\t\t\t\t\t\t<\/span>\n\t\t\t\t\t\t\t\t\t\t<span class=\"elementor-icon-list-text\">bonjour@batisafe.group<\/span>\n\t\t\t\t\t\t\t\t\t<\/li>\n\t\t\t\t\t\t\t\t<li class=\"elementor-icon-list-item\">\n\t\t\t\t\t\t\t\t\t\t\t<span class=\"elementor-icon-list-icon\">\n\t\t\t\t\t\t\t<i aria-hidden=\"true\" class=\"fas fa-phone-alt\"><\/i>\t\t\t\t\t\t<\/span>\n\t\t\t\t\t\t\t\t\t\t<span class=\"elementor-icon-list-text\">06 71 84 27 46<\/span>\n\t\t\t\t\t\t\t\t\t<\/li>\n\t\t\t\t\t\t<\/ul>\n\t\t\t\t\t\t<\/div>\n\t\t\t\t<\/div>\n\t\t\t\t<\/div>\n\t\t<div class=\"elementor-element elementor-element-346f19a e-con-full e-flex e-con e-child\" data-id=\"346f19a\" data-element_type=\"container\" data-e-type=\"container\">\n\t\t\t\t<div class=\"elementor-element elementor-element-13a564ed elementor-button-align-end elementor-widget elementor-widget-form\" data-id=\"13a564ed\" data-element_type=\"widget\" data-e-type=\"widget\" data-settings=\"{&quot;step_next_label&quot;:&quot;Next&quot;,&quot;step_previous_label&quot;:&quot;Previous&quot;,&quot;button_width&quot;:&quot;100&quot;,&quot;step_type&quot;:&quot;number_text&quot;,&quot;step_icon_shape&quot;:&quot;circle&quot;}\" data-widget_type=\"form.default\">\n\t\t\t\t<div class=\"elementor-widget-container\">\n\t\t\t\t\t\t\t<form class=\"elementor-form\" method=\"post\" name=\"Formulaire de contact\">\n\t\t\t<input type=\"hidden\" name=\"post_id\" value=\"782\"\/>\n\t\t\t<input type=\"hidden\" name=\"form_id\" value=\"13a564ed\"\/>\n\t\t\t<input type=\"hidden\" name=\"referer_title\" value=\"Nos zones d&rsquo;intervention\" \/>\n\n\t\t\t\t\t\t\t<input type=\"hidden\" name=\"queried_id\" value=\"782\"\/>\n\t\t\t\n\t\t\t<div class=\"elementor-form-fields-wrapper elementor-labels-above\">\n\t\t\t\t\t\t\t\t<div class=\"elementor-field-type-text elementor-field-group elementor-column elementor-field-group-name elementor-col-100 elementor-field-required\">\n\t\t\t\t\t\t\t\t\t\t\t\t\t<input size=\"1\" type=\"text\" name=\"form_fields[name]\" id=\"form-field-name\" class=\"elementor-field elementor-size-sm  elementor-field-textual\" placeholder=\"Nom\" required=\"required\">\n\t\t\t\t\t\t\t\t\t\t\t<\/div>\n\t\t\t\t\t\t\t\t<div class=\"elementor-field-type-email elementor-field-group elementor-column elementor-field-group-email elementor-col-100 elementor-field-required\">\n\t\t\t\t\t\t\t\t\t\t\t\t\t<input size=\"1\" type=\"email\" name=\"form_fields[email]\" id=\"form-field-email\" class=\"elementor-field elementor-size-sm  elementor-field-textual\" placeholder=\"E-mail\" required=\"required\">\n\t\t\t\t\t\t\t\t\t\t\t<\/div>\n\t\t\t\t\t\t\t\t<div class=\"elementor-field-type-tel elementor-field-group elementor-column elementor-field-group-field_831fd85 elementor-col-100\">\n\t\t\t\t\t\t\t<input size=\"1\" type=\"tel\" name=\"form_fields[field_831fd85]\" id=\"form-field-field_831fd85\" class=\"elementor-field elementor-size-sm  elementor-field-textual\" placeholder=\"T\u00e9l\u00e9phone\" pattern=\"[0-9()#&amp;+*-=.]+\" title=\"Only numbers and phone characters (#, -, *, etc) are accepted.\">\n\n\t\t\t\t\t\t<\/div>\n\t\t\t\t\t\t\t\t<div class=\"elementor-field-type-textarea elementor-field-group elementor-column elementor-field-group-message elementor-col-100 elementor-field-required\">\n\t\t\t\t\t<textarea class=\"elementor-field-textual elementor-field  elementor-size-sm\" name=\"form_fields[message]\" id=\"form-field-message\" rows=\"4\" placeholder=\"\u00c9crivez votre message...\" required=\"required\"><\/textarea>\t\t\t\t<\/div>\n\t\t\t\t\t\t\t\t<div class=\"elementor-field-group elementor-column elementor-field-type-submit elementor-col-100 e-form__buttons\">\n\t\t\t\t\t<button class=\"elementor-button elementor-size-md elementor-animation-grow\" type=\"submit\">\n\t\t\t\t\t\t<span class=\"elementor-button-content-wrapper\">\n\t\t\t\t\t\t\t\t\t\t\t\t\t\t\t\t\t\t\t\t\t\t<span class=\"elementor-button-text\">Envoyez<\/span>\n\t\t\t\t\t\t\t\t\t\t\t\t\t<\/span>\n\t\t\t\t\t<\/button>\n\t\t\t\t<\/div>\n\t\t\t<\/div>\n\t\t<\/form>\n\t\t\t\t\t\t<\/div>\n\t\t\t\t<\/div>\n\t\t\t\t<\/div>\n\t\t\t\t\t<\/div>\n\t\t\t\t<\/div>\n\t\t\t\t<\/div>\n\t\t","protected":false},"excerpt":{"rendered":"<p>Nos zones d&rsquo;intervention Nos ACTUALIT\u00e9s Voir toutes nos actualit\u00e9s Nous Rejoindre Vous souhaitez int\u00e9grer une soci\u00e9t\u00e9 \u00e0 taille humaine, aux comp\u00e9tences vari\u00e9es et pointues ?<\/p>\n","protected":false},"author":1,"featured_media":0,"parent":0,"menu_order":0,"comment_status":"closed","ping_status":"closed","template":"elementor_header_footer","meta":{"_seopress_robots_primary_cat":"","_seopress_titles_title":"","_seopress_titles_desc":"","_seopress_robots_index":"","footnotes":""},"class_list":["post-782","page","type-page","status-publish","hentry"],"_links":{"self":[{"href":"https:\/\/batisafe.group\/index.php\/wp-json\/wp\/v2\/pages\/782","targetHints":{"allow":["GET"]}}],"collection":[{"href":"https:\/\/batisafe.group\/index.php\/wp-json\/wp\/v2\/pages"}],"about":[{"href":"https:\/\/batisafe.group\/index.php\/wp-json\/wp\/v2\/types\/page"}],"author":[{"embeddable":true,"href":"https:\/\/batisafe.group\/index.php\/wp-json\/wp\/v2\/users\/1"}],"replies":[{"embeddable":true,"href":"https:\/\/batisafe.group\/index.php\/wp-json\/wp\/v2\/comments?post=782"}],"version-history":[{"count":25,"href":"https:\/\/batisafe.group\/index.php\/wp-json\/wp\/v2\/pages\/782\/revisions"}],"predecessor-version":[{"id":1090,"href":"https:\/\/batisafe.group\/index.php\/wp-json\/wp\/v2\/pages\/782\/revisions\/1090"}],"wp:attachment":[{"href":"https:\/\/batisafe.group\/index.php\/wp-json\/wp\/v2\/media?parent=782"}],"curies":[{"name":"wp","href":"https:\/\/api.w.org\/{rel}","templated":true}]}}