{"id":682,"date":"2023-09-23T21:17:00","date_gmt":"2023-09-23T21:17:00","guid":{"rendered":"http:\/\/batisafe.group\/?page_id=682"},"modified":"2025-03-19T15:34:04","modified_gmt":"2025-03-19T15:34:04","slug":"notre-savoir-faire","status":"publish","type":"page","link":"https:\/\/batisafe.group\/index.php\/notre-savoir-faire\/","title":{"rendered":"Notre Savoir Faire"},"content":{"rendered":"\t\t<div data-elementor-type=\"wp-page\" data-elementor-id=\"682\" class=\"elementor elementor-682\" data-elementor-post-type=\"page\">\n\t\t\t\t<div class=\"elementor-element elementor-element-4b43bee6 e-flex e-con-boxed elementor-invisible e-con e-parent\" data-id=\"4b43bee6\" data-element_type=\"container\" data-e-type=\"container\" data-settings=\"{&quot;animation&quot;:&quot;slideInUp&quot;}\">\n\t\t\t\t\t<div class=\"e-con-inner\">\n\t\t<div class=\"elementor-element elementor-element-5a53297d e-con-full e-flex e-con e-child\" data-id=\"5a53297d\" data-element_type=\"container\" data-e-type=\"container\" data-settings=\"{&quot;background_background&quot;:&quot;classic&quot;}\">\n\t\t\t\t<\/div>\n\t\t<div class=\"elementor-element elementor-element-787acf13 e-con-full e-flex e-con e-child\" data-id=\"787acf13\" data-element_type=\"container\" data-e-type=\"container\">\n\t\t\t\t<div class=\"elementor-element elementor-element-9039227 elementor-invisible elementor-widget elementor-widget-heading\" data-id=\"9039227\" data-element_type=\"widget\" data-e-type=\"widget\" data-settings=\"{&quot;_animation&quot;:&quot;slideInLeft&quot;}\" data-widget_type=\"heading.default\">\n\t\t\t\t<div class=\"elementor-widget-container\">\n\t\t\t\t\t<h2 class=\"elementor-heading-title elementor-size-default\">NOTRE SAVOIR FAIRE<\/h2>\t\t\t\t<\/div>\n\t\t\t\t<\/div>\n\t\t\t\t<div class=\"elementor-element elementor-element-7f763ef elementor-widget elementor-widget-heading\" data-id=\"7f763ef\" data-element_type=\"widget\" data-e-type=\"widget\" data-widget_type=\"heading.default\">\n\t\t\t\t<div class=\"elementor-widget-container\">\n\t\t\t\t\t<h2 class=\"elementor-heading-title elementor-size-default\">\u00ab\u00a0Nous essayons chaque de jours de trouver des investissements immobiliers permettant\u00a0de r\u00e9pondre aux objectifs de rentabilit\u00e9 et patrimoniaux de partenaires en club deal tr\u00e8s exigeante\u00a0\u00bb<\/h2>\t\t\t\t<\/div>\n\t\t\t\t<\/div>\n\t\t\t\t<div class=\"elementor-element elementor-element-100c5bc1 elementor-widget elementor-widget-text-editor\" data-id=\"100c5bc1\" data-element_type=\"widget\" data-e-type=\"widget\" data-widget_type=\"text-editor.default\">\n\t\t\t\t<div class=\"elementor-widget-container\">\n\t\t\t\t\t\t\t\t\t<p>Chez BATI SAFE GROUP, notre expertise consiste \u00e0 trouver des investissements immobiliers de qualit\u00e9 qui r\u00e9pondent aux exigences de rentabilit\u00e9 et de patrimoine de nos investisseurs en club deal. Nous agissons en tant que partenaire op\u00e9rationnel et dirigeons une \u00e9quipe compos\u00e9e de professionnels multidisciplinaires pour offrir une solution immobili\u00e8re, financi\u00e8re et fiscale sur mesure.<br \/><br \/>Nous proposons un \u00e9ventail de services, allant de la d\u00e9finition des strat\u00e9gies d&rsquo;investissement \u00e0 la supervision de la gestion des actifs, en passant par l&rsquo;optimisation fiscale et la structuration de v\u00e9hicules adapt\u00e9s. Nous garantissons \u00e9galement la transparence totale de nos actions aupr\u00e8s de nos co-investisseurs, avec qui nous \u00e9tablissons des relations durables bas\u00e9es sur la confiance.<br \/><br \/>Notre engagement envers un nombre limit\u00e9 de clients nous permet de maintenir une attention de chaque instant pour chacun de nos partenaires. Nous sommes fiers de maintenir une approche professionnelle tout au long de notre processus d&rsquo;investissement immobilier, en nous assurant que les int\u00e9r\u00eats de notre entreprise soient en totale harmonie avec ceux de nos co-investisseurs.<\/p>\t\t\t\t\t\t\t\t<\/div>\n\t\t\t\t<\/div>\n\t\t\t\t<\/div>\n\t\t\t\t\t<\/div>\n\t\t\t\t<\/div>\n\t\t<div class=\"elementor-element elementor-element-42c1faf3 e-flex e-con-boxed e-con e-parent\" data-id=\"42c1faf3\" data-element_type=\"container\" data-e-type=\"container\" id=\"metiers\" data-settings=\"{&quot;background_background&quot;:&quot;classic&quot;}\">\n\t\t\t\t\t<div class=\"e-con-inner\">\n\t\t<div class=\"elementor-element elementor-element-479f69d3 e-con-full e-flex e-con e-child\" data-id=\"479f69d3\" data-element_type=\"container\" data-e-type=\"container\">\n\t\t\t\t<div class=\"elementor-element elementor-element-4866fa1c elementor-widget elementor-widget-heading\" data-id=\"4866fa1c\" data-element_type=\"widget\" data-e-type=\"widget\" data-widget_type=\"heading.default\">\n\t\t\t\t<div class=\"elementor-widget-container\">\n\t\t\t\t\t<h2 class=\"elementor-heading-title elementor-size-default\">Nos <br>ACTUALIT\u00e9s<\/h2>\t\t\t\t<\/div>\n\t\t\t\t<\/div>\n\t\t\t\t<div class=\"elementor-element elementor-element-7431c9ba elementor-align-center elementor-widget elementor-widget-button\" data-id=\"7431c9ba\" data-element_type=\"widget\" data-e-type=\"widget\" data-widget_type=\"button.default\">\n\t\t\t\t<div class=\"elementor-widget-container\">\n\t\t\t\t\t\t\t\t\t<div class=\"elementor-button-wrapper\">\n\t\t\t\t\t<a class=\"elementor-button elementor-button-link elementor-size-sm\" href=\"#\">\n\t\t\t\t\t\t<span class=\"elementor-button-content-wrapper\">\n\t\t\t\t\t\t<span class=\"elementor-button-icon\">\n\t\t\t\t<i aria-hidden=\"true\" class=\"fas fa-angle-right\"><\/i>\t\t\t<\/span>\n\t\t\t\t\t\t\t\t\t<span class=\"elementor-button-text\">Voir toutes nos actualit\u00e9s<\/span>\n\t\t\t\t\t<\/span>\n\t\t\t\t\t<\/a>\n\t\t\t\t<\/div>\n\t\t\t\t\t\t\t\t<\/div>\n\t\t\t\t<\/div>\n\t\t\t\t<div class=\"elementor-element elementor-element-cebec82 elementor-grid-3 elementor-grid-tablet-2 elementor-grid-mobile-1 elementor-posts--thumbnail-top elementor-card-shadow-yes elementor-posts__hover-gradient elementor-widget elementor-widget-posts\" data-id=\"cebec82\" data-element_type=\"widget\" data-e-type=\"widget\" data-settings=\"{&quot;cards_columns&quot;:&quot;3&quot;,&quot;cards_columns_tablet&quot;:&quot;2&quot;,&quot;cards_columns_mobile&quot;:&quot;1&quot;,&quot;cards_row_gap&quot;:{&quot;unit&quot;:&quot;px&quot;,&quot;size&quot;:35,&quot;sizes&quot;:[]},&quot;cards_row_gap_tablet&quot;:{&quot;unit&quot;:&quot;px&quot;,&quot;size&quot;:&quot;&quot;,&quot;sizes&quot;:[]},&quot;cards_row_gap_mobile&quot;:{&quot;unit&quot;:&quot;px&quot;,&quot;size&quot;:&quot;&quot;,&quot;sizes&quot;:[]}}\" data-widget_type=\"posts.cards\">\n\t\t\t\t<div class=\"elementor-widget-container\">\n\t\t\t\t\t\t\t<div class=\"elementor-posts-container elementor-posts elementor-posts--skin-cards elementor-grid\">\n\t\t\t\t<article class=\"elementor-post elementor-grid-item post-847 post type-post status-publish format-standard has-post-thumbnail hentry category-actualites\">\n\t\t\t<div class=\"elementor-post__card\">\n\t\t\t\t<a class=\"elementor-post__thumbnail__link\" href=\"https:\/\/batisafe.group\/index.php\/2023\/09\/24\/banque-privee-principe-interet-et-cout\/\" tabindex=\"-1\" ><div class=\"elementor-post__thumbnail\"><img fetchpriority=\"high\" decoding=\"async\" width=\"200\" height=\"300\" src=\"https:\/\/batisafe.group\/wp-content\/uploads\/2023\/09\/risque-200x300.jpg\" class=\"attachment-medium size-medium wp-image-633\" alt=\"\" srcset=\"https:\/\/batisafe.group\/wp-content\/uploads\/2023\/09\/risque-200x300.jpg 200w, https:\/\/batisafe.group\/wp-content\/uploads\/2023\/09\/risque-683x1024.jpg 683w, https:\/\/batisafe.group\/wp-content\/uploads\/2023\/09\/risque-768x1151.jpg 768w, https:\/\/batisafe.group\/wp-content\/uploads\/2023\/09\/risque-1025x1536.jpg 1025w, https:\/\/batisafe.group\/wp-content\/uploads\/2023\/09\/risque.jpg 1200w\" sizes=\"(max-width: 200px) 100vw, 200px\" \/><\/div><\/a>\n\t\t\t\t<div class=\"elementor-post__text\">\n\t\t\t\t<h3 class=\"elementor-post__title\">\n\t\t\t<a href=\"https:\/\/batisafe.group\/index.php\/2023\/09\/24\/banque-privee-principe-interet-et-cout\/\" >\n\t\t\t\tBanque priv\u00e9e : principe, int\u00e9r\u00eat et co\u00fbt\t\t\t<\/a>\n\t\t<\/h3>\n\t\t\n\t\t<a class=\"elementor-post__read-more\" href=\"https:\/\/batisafe.group\/index.php\/2023\/09\/24\/banque-privee-principe-interet-et-cout\/\" aria-label=\"Read more about Banque priv\u00e9e : principe, int\u00e9r\u00eat et co\u00fbt\" tabindex=\"-1\" >\n\t\t\tLire la suite \u00bb\t\t<\/a>\n\n\t\t\t\t<\/div>\n\t\t\t\t\t<\/div>\n\t\t<\/article>\n\t\t\t\t<article class=\"elementor-post elementor-grid-item post-843 post type-post status-publish format-standard has-post-thumbnail hentry category-actualites\">\n\t\t\t<div class=\"elementor-post__card\">\n\t\t\t\t<a class=\"elementor-post__thumbnail__link\" href=\"https:\/\/batisafe.group\/index.php\/2023\/09\/24\/private-equity-ou-club-deal-le-meilleur-du-non-cote\/\" tabindex=\"-1\" ><div class=\"elementor-post__thumbnail\"><img decoding=\"async\" width=\"300\" height=\"169\" src=\"https:\/\/batisafe.group\/wp-content\/uploads\/2023\/09\/0611701839998-web-tete-300x169.webp\" class=\"attachment-medium size-medium wp-image-845\" alt=\"\" srcset=\"https:\/\/batisafe.group\/wp-content\/uploads\/2023\/09\/0611701839998-web-tete-300x169.webp 300w, https:\/\/batisafe.group\/wp-content\/uploads\/2023\/09\/0611701839998-web-tete-1024x576.webp 1024w, https:\/\/batisafe.group\/wp-content\/uploads\/2023\/09\/0611701839998-web-tete-768x432.webp 768w, https:\/\/batisafe.group\/wp-content\/uploads\/2023\/09\/0611701839998-web-tete.webp 1280w\" sizes=\"(max-width: 300px) 100vw, 300px\" \/><\/div><\/a>\n\t\t\t\t<div class=\"elementor-post__text\">\n\t\t\t\t<h3 class=\"elementor-post__title\">\n\t\t\t<a href=\"https:\/\/batisafe.group\/index.php\/2023\/09\/24\/private-equity-ou-club-deal-le-meilleur-du-non-cote\/\" >\n\t\t\t\tPrivate equity ou club deal\u00a0: le meilleur du non-cot\u00e9\t\t\t<\/a>\n\t\t<\/h3>\n\t\t\n\t\t<a class=\"elementor-post__read-more\" href=\"https:\/\/batisafe.group\/index.php\/2023\/09\/24\/private-equity-ou-club-deal-le-meilleur-du-non-cote\/\" aria-label=\"Read more about Private equity ou club deal\u00a0: le meilleur du non-cot\u00e9\" tabindex=\"-1\" >\n\t\t\tLire la suite \u00bb\t\t<\/a>\n\n\t\t\t\t<\/div>\n\t\t\t\t\t<\/div>\n\t\t<\/article>\n\t\t\t\t<article class=\"elementor-post elementor-grid-item post-840 post type-post status-publish format-standard has-post-thumbnail hentry category-actualites\">\n\t\t\t<div class=\"elementor-post__card\">\n\t\t\t\t<a class=\"elementor-post__thumbnail__link\" href=\"https:\/\/batisafe.group\/index.php\/2023\/09\/24\/la-structuration-des-investissements-fonciers-via-le-luxembourg-est-elle-toujours-dactualite\/\" tabindex=\"-1\" ><div class=\"elementor-post__thumbnail\"><img decoding=\"async\" width=\"240\" height=\"300\" src=\"https:\/\/batisafe.group\/wp-content\/uploads\/2023\/09\/modern-business-building-scenery-touching-sky-240x300.jpg\" class=\"attachment-medium size-medium wp-image-624\" alt=\"\" srcset=\"https:\/\/batisafe.group\/wp-content\/uploads\/2023\/09\/modern-business-building-scenery-touching-sky-240x300.jpg 240w, https:\/\/batisafe.group\/wp-content\/uploads\/2023\/09\/modern-business-building-scenery-touching-sky-819x1024.jpg 819w, https:\/\/batisafe.group\/wp-content\/uploads\/2023\/09\/modern-business-building-scenery-touching-sky-768x960.jpg 768w, https:\/\/batisafe.group\/wp-content\/uploads\/2023\/09\/modern-business-building-scenery-touching-sky.jpg 1200w\" sizes=\"(max-width: 240px) 100vw, 240px\" \/><\/div><\/a>\n\t\t\t\t<div class=\"elementor-post__text\">\n\t\t\t\t<h3 class=\"elementor-post__title\">\n\t\t\t<a href=\"https:\/\/batisafe.group\/index.php\/2023\/09\/24\/la-structuration-des-investissements-fonciers-via-le-luxembourg-est-elle-toujours-dactualite\/\" >\n\t\t\t\tLa structuration des investissements fonciers via le Luxembourg est-elle toujours d\u2019actualit\u00e9\u00a0?\t\t\t<\/a>\n\t\t<\/h3>\n\t\t\n\t\t<a class=\"elementor-post__read-more\" href=\"https:\/\/batisafe.group\/index.php\/2023\/09\/24\/la-structuration-des-investissements-fonciers-via-le-luxembourg-est-elle-toujours-dactualite\/\" aria-label=\"Read more about La structuration des investissements fonciers via le Luxembourg est-elle toujours d\u2019actualit\u00e9\u00a0?\" tabindex=\"-1\" >\n\t\t\tLire la suite \u00bb\t\t<\/a>\n\n\t\t\t\t<\/div>\n\t\t\t\t\t<\/div>\n\t\t<\/article>\n\t\t\t\t<\/div>\n\t\t\n\t\t\t\t\t\t<\/div>\n\t\t\t\t<\/div>\n\t\t\t\t<\/div>\n\t\t\t\t\t<\/div>\n\t\t\t\t<\/div>\n\t\t<div class=\"elementor-element elementor-element-c33246e e-flex e-con-boxed e-con e-parent\" data-id=\"c33246e\" data-element_type=\"container\" data-e-type=\"container\" id=\"metiers\" data-settings=\"{&quot;background_background&quot;:&quot;classic&quot;}\">\n\t\t\t\t\t<div class=\"e-con-inner\">\n\t\t<div class=\"elementor-element elementor-element-37399ef2 e-con-full e-flex e-con e-child\" data-id=\"37399ef2\" data-element_type=\"container\" data-e-type=\"container\">\n\t\t\t\t<div class=\"elementor-element elementor-element-2e668e2f elementor-widget elementor-widget-heading\" data-id=\"2e668e2f\" data-element_type=\"widget\" data-e-type=\"widget\" data-widget_type=\"heading.default\">\n\t\t\t\t<div class=\"elementor-widget-container\">\n\t\t\t\t\t<h2 class=\"elementor-heading-title elementor-size-default\">Nous <br>Rejoindre<\/h2>\t\t\t\t<\/div>\n\t\t\t\t<\/div>\n\t\t\t\t<div class=\"elementor-element elementor-element-66f662ef elementor-widget elementor-widget-text-editor\" data-id=\"66f662ef\" data-element_type=\"widget\" data-e-type=\"widget\" data-widget_type=\"text-editor.default\">\n\t\t\t\t<div class=\"elementor-widget-container\">\n\t\t\t\t\t\t\t\t\t<p>Vous souhaitez int\u00e9grer une soci\u00e9t\u00e9 \u00e0 taille humaine, aux comp\u00e9tences vari\u00e9es et pointues ?<\/p><p><strong>Bati Safe est faite pour vous.<\/strong><\/p>\t\t\t\t\t\t\t\t<\/div>\n\t\t\t\t<\/div>\n\t\t\t\t<div class=\"elementor-element elementor-element-29bae61e elementor-widget elementor-widget-text-editor\" data-id=\"29bae61e\" data-element_type=\"widget\" data-e-type=\"widget\" data-widget_type=\"text-editor.default\">\n\t\t\t\t<div class=\"elementor-widget-container\">\n\t\t\t\t\t\t\t\t\tAucun postes ouverts pour le moment\t\t\t\t\t\t\t\t<\/div>\n\t\t\t\t<\/div>\n\t\t\t\t<div class=\"elementor-element elementor-element-120525e4 elementor-align-center elementor-widget elementor-widget-button\" data-id=\"120525e4\" data-element_type=\"widget\" data-e-type=\"widget\" data-widget_type=\"button.default\">\n\t\t\t\t<div class=\"elementor-widget-container\">\n\t\t\t\t\t\t\t\t\t<div class=\"elementor-button-wrapper\">\n\t\t\t\t\t<a class=\"elementor-button elementor-button-link elementor-size-sm\" href=\"#contact\">\n\t\t\t\t\t\t<span class=\"elementor-button-content-wrapper\">\n\t\t\t\t\t\t<span class=\"elementor-button-icon\">\n\t\t\t\t<i aria-hidden=\"true\" class=\"fas fa-angle-right\"><\/i>\t\t\t<\/span>\n\t\t\t\t\t\t\t\t\t<span class=\"elementor-button-text\">Candidatez<\/span>\n\t\t\t\t\t<\/span>\n\t\t\t\t\t<\/a>\n\t\t\t\t<\/div>\n\t\t\t\t\t\t\t\t<\/div>\n\t\t\t\t<\/div>\n\t\t\t\t<\/div>\n\t\t\t\t\t<\/div>\n\t\t\t\t<\/div>\n\t\t<div class=\"elementor-element elementor-element-224fa4c4 e-flex e-con-boxed elementor-invisible e-con e-parent\" data-id=\"224fa4c4\" data-element_type=\"container\" data-e-type=\"container\" id=\"contact\" data-settings=\"{&quot;animation&quot;:&quot;slideInUp&quot;,&quot;background_background&quot;:&quot;classic&quot;}\">\n\t\t\t\t\t<div class=\"e-con-inner\">\n\t\t<div class=\"elementor-element elementor-element-44140b4c e-con-full e-flex e-con e-child\" data-id=\"44140b4c\" data-element_type=\"container\" data-e-type=\"container\">\n\t\t\t\t<div class=\"elementor-element elementor-element-2637611a elementor-widget elementor-widget-theme-site-logo elementor-widget-image\" data-id=\"2637611a\" data-element_type=\"widget\" data-e-type=\"widget\" data-widget_type=\"theme-site-logo.default\">\n\t\t\t\t<div class=\"elementor-widget-container\">\n\t\t\t\t\t\t\t\t\t\t\t<a href=\"https:\/\/batisafe.group\">\n\t\t\t<img loading=\"lazy\" decoding=\"async\" width=\"666\" height=\"242\" src=\"https:\/\/batisafe.group\/wp-content\/uploads\/2023\/06\/batisafe.webp\" class=\"attachment-full size-full wp-image-1108\" alt=\"\" srcset=\"https:\/\/batisafe.group\/wp-content\/uploads\/2023\/06\/batisafe.webp 666w, https:\/\/batisafe.group\/wp-content\/uploads\/2023\/06\/batisafe-300x109.webp 300w\" sizes=\"(max-width: 666px) 100vw, 666px\" \/>\t\t\t\t<\/a>\n\t\t\t\t\t\t\t\t\t\t\t<\/div>\n\t\t\t\t<\/div>\n\t\t\t\t<div class=\"elementor-element elementor-element-44da4e17 elementor-widget elementor-widget-heading\" data-id=\"44da4e17\" data-element_type=\"widget\" data-e-type=\"widget\" data-widget_type=\"heading.default\">\n\t\t\t\t<div class=\"elementor-widget-container\">\n\t\t\t\t\t<h2 class=\"elementor-heading-title elementor-size-default\">Contactez-nous<\/h2>\t\t\t\t<\/div>\n\t\t\t\t<\/div>\n\t\t\t\t<div class=\"elementor-element elementor-element-a7c9611 elementor-icon-list--layout-traditional elementor-list-item-link-full_width elementor-widget elementor-widget-icon-list\" data-id=\"a7c9611\" data-element_type=\"widget\" data-e-type=\"widget\" data-widget_type=\"icon-list.default\">\n\t\t\t\t<div class=\"elementor-widget-container\">\n\t\t\t\t\t\t\t<ul class=\"elementor-icon-list-items\">\n\t\t\t\t\t\t\t<li class=\"elementor-icon-list-item\">\n\t\t\t\t\t\t\t\t\t\t\t<span class=\"elementor-icon-list-icon\">\n\t\t\t\t\t\t\t<i aria-hidden=\"true\" class=\"fas fa-map-marker-alt\"><\/i>\t\t\t\t\t\t<\/span>\n\t\t\t\t\t\t\t\t\t\t<span class=\"elementor-icon-list-text\">R\u00e9sidence la Bo\u00e9tie, 20137 Porto-Vecchio<\/span>\n\t\t\t\t\t\t\t\t\t<\/li>\n\t\t\t\t\t\t\t\t<li class=\"elementor-icon-list-item\">\n\t\t\t\t\t\t\t\t\t\t\t<span class=\"elementor-icon-list-icon\">\n\t\t\t\t\t\t\t<i aria-hidden=\"true\" class=\"fas fa-envelope\"><\/i>\t\t\t\t\t\t<\/span>\n\t\t\t\t\t\t\t\t\t\t<span class=\"elementor-icon-list-text\">bonjour@batisafe.group<\/span>\n\t\t\t\t\t\t\t\t\t<\/li>\n\t\t\t\t\t\t\t\t<li class=\"elementor-icon-list-item\">\n\t\t\t\t\t\t\t\t\t\t\t<span class=\"elementor-icon-list-icon\">\n\t\t\t\t\t\t\t<i aria-hidden=\"true\" class=\"fas fa-phone-alt\"><\/i>\t\t\t\t\t\t<\/span>\n\t\t\t\t\t\t\t\t\t\t<span class=\"elementor-icon-list-text\">06 71 84 27 46<\/span>\n\t\t\t\t\t\t\t\t\t<\/li>\n\t\t\t\t\t\t<\/ul>\n\t\t\t\t\t\t<\/div>\n\t\t\t\t<\/div>\n\t\t\t\t<\/div>\n\t\t<div class=\"elementor-element elementor-element-35d719cd e-con-full e-flex e-con e-child\" data-id=\"35d719cd\" data-element_type=\"container\" data-e-type=\"container\">\n\t\t\t\t<div class=\"elementor-element elementor-element-4e703342 elementor-button-align-end elementor-widget elementor-widget-form\" data-id=\"4e703342\" data-element_type=\"widget\" data-e-type=\"widget\" data-settings=\"{&quot;step_next_label&quot;:&quot;Next&quot;,&quot;step_previous_label&quot;:&quot;Previous&quot;,&quot;button_width&quot;:&quot;100&quot;,&quot;step_type&quot;:&quot;number_text&quot;,&quot;step_icon_shape&quot;:&quot;circle&quot;}\" data-widget_type=\"form.default\">\n\t\t\t\t<div class=\"elementor-widget-container\">\n\t\t\t\t\t\t\t<form class=\"elementor-form\" method=\"post\" name=\"Formulaire de contact\">\n\t\t\t<input type=\"hidden\" name=\"post_id\" value=\"682\"\/>\n\t\t\t<input type=\"hidden\" name=\"form_id\" value=\"4e703342\"\/>\n\t\t\t<input type=\"hidden\" name=\"referer_title\" value=\"\" \/>\n\n\t\t\t\n\t\t\t<div class=\"elementor-form-fields-wrapper elementor-labels-above\">\n\t\t\t\t\t\t\t\t<div class=\"elementor-field-type-text elementor-field-group elementor-column elementor-field-group-name elementor-col-100 elementor-field-required\">\n\t\t\t\t\t\t\t\t\t\t\t\t\t<input size=\"1\" type=\"text\" name=\"form_fields[name]\" id=\"form-field-name\" class=\"elementor-field elementor-size-sm  elementor-field-textual\" placeholder=\"Nom\" required=\"required\">\n\t\t\t\t\t\t\t\t\t\t\t<\/div>\n\t\t\t\t\t\t\t\t<div class=\"elementor-field-type-email elementor-field-group elementor-column elementor-field-group-email elementor-col-100 elementor-field-required\">\n\t\t\t\t\t\t\t\t\t\t\t\t\t<input size=\"1\" type=\"email\" name=\"form_fields[email]\" id=\"form-field-email\" class=\"elementor-field elementor-size-sm  elementor-field-textual\" placeholder=\"E-mail\" required=\"required\">\n\t\t\t\t\t\t\t\t\t\t\t<\/div>\n\t\t\t\t\t\t\t\t<div class=\"elementor-field-type-tel elementor-field-group elementor-column elementor-field-group-field_831fd85 elementor-col-100\">\n\t\t\t\t\t\t\t<input size=\"1\" type=\"tel\" name=\"form_fields[field_831fd85]\" id=\"form-field-field_831fd85\" class=\"elementor-field elementor-size-sm  elementor-field-textual\" placeholder=\"T\u00e9l\u00e9phone\" pattern=\"[0-9()#&amp;+*-=.]+\" title=\"Only numbers and phone characters (#, -, *, etc) are accepted.\">\n\n\t\t\t\t\t\t<\/div>\n\t\t\t\t\t\t\t\t<div class=\"elementor-field-type-textarea elementor-field-group elementor-column elementor-field-group-message elementor-col-100 elementor-field-required\">\n\t\t\t\t\t<textarea class=\"elementor-field-textual elementor-field  elementor-size-sm\" name=\"form_fields[message]\" id=\"form-field-message\" rows=\"4\" placeholder=\"\u00c9crivez votre message...\" required=\"required\"><\/textarea>\t\t\t\t<\/div>\n\t\t\t\t\t\t\t\t<div class=\"elementor-field-group elementor-column elementor-field-type-submit elementor-col-100 e-form__buttons\">\n\t\t\t\t\t<button class=\"elementor-button elementor-size-md elementor-animation-grow\" type=\"submit\">\n\t\t\t\t\t\t<span class=\"elementor-button-content-wrapper\">\n\t\t\t\t\t\t\t\t\t\t\t\t\t\t\t\t\t\t\t\t\t\t<span class=\"elementor-button-text\">Envoyez<\/span>\n\t\t\t\t\t\t\t\t\t\t\t\t\t<\/span>\n\t\t\t\t\t<\/button>\n\t\t\t\t<\/div>\n\t\t\t<\/div>\n\t\t<\/form>\n\t\t\t\t\t\t<\/div>\n\t\t\t\t<\/div>\n\t\t\t\t<\/div>\n\t\t\t\t\t<\/div>\n\t\t\t\t<\/div>\n\t\t\t\t<\/div>\n\t\t","protected":false},"excerpt":{"rendered":"<p>NOTRE SAVOIR FAIRE \u00ab\u00a0Nous essayons chaque de jours de trouver des investissements immobiliers permettant\u00a0de r\u00e9pondre aux objectifs de rentabilit\u00e9 et patrimoniaux de partenaires en club<\/p>\n","protected":false},"author":1,"featured_media":0,"parent":0,"menu_order":0,"comment_status":"closed","ping_status":"closed","template":"elementor_header_footer","meta":{"_seopress_robots_primary_cat":"","_seopress_titles_title":"","_seopress_titles_desc":"","_seopress_robots_index":"","footnotes":""},"class_list":["post-682","page","type-page","status-publish","hentry"],"_links":{"self":[{"href":"https:\/\/batisafe.group\/index.php\/wp-json\/wp\/v2\/pages\/682","targetHints":{"allow":["GET"]}}],"collection":[{"href":"https:\/\/batisafe.group\/index.php\/wp-json\/wp\/v2\/pages"}],"about":[{"href":"https:\/\/batisafe.group\/index.php\/wp-json\/wp\/v2\/types\/page"}],"author":[{"embeddable":true,"href":"https:\/\/batisafe.group\/index.php\/wp-json\/wp\/v2\/users\/1"}],"replies":[{"embeddable":true,"href":"https:\/\/batisafe.group\/index.php\/wp-json\/wp\/v2\/comments?post=682"}],"version-history":[{"count":25,"href":"https:\/\/batisafe.group\/index.php\/wp-json\/wp\/v2\/pages\/682\/revisions"}],"predecessor-version":[{"id":1093,"href":"https:\/\/batisafe.group\/index.php\/wp-json\/wp\/v2\/pages\/682\/revisions\/1093"}],"wp:attachment":[{"href":"https:\/\/batisafe.group\/index.php\/wp-json\/wp\/v2\/media?parent=682"}],"curies":[{"name":"wp","href":"https:\/\/api.w.org\/{rel}","templated":true}]}}